{"id":30201,"date":"2023-09-12T22:17:22","date_gmt":"2023-09-12T20:17:22","guid":{"rendered":"https:\/\/iglmarinesolutions.ch\/?post_type=product&#038;p=30201"},"modified":"2024-10-01T21:52:04","modified_gmt":"2024-10-01T19:52:04","slug":"sonax-spazzola-per-tessuti-e-pelle","status":"publish","type":"product","link":"https:\/\/iglmarinesolutions.ch\/de\/prodotto\/sonax-spazzola-per-tessuti-e-pelle\/","title":{"rendered":"SONAX SPAZZOLA PER TESSUTI E PELLE"},"content":{"rendered":"<section class=\"wpb-content-wrapper\"><p>[vc_row][vc_column width=&#8220;1\/3&#8243; css=&#8220;.vc_custom_1687788875533{padding-right: 15px !important;padding-left: 15px !important;}&#8220; col_shadow=&#8220;box_shadow_enable:disable|shadow_horizontal:0|shadow_vertical:15|shadow_blur:50|shadow_spread:0|box_shadow_color:rgba(0%2C0%2C0%2C.35)&#8220; col_shadow_hover=&#8220;box_shadow_enable:disable|shadow_horizontal:0|shadow_vertical:15|shadow_blur:50|shadow_spread:0|box_shadow_color:rgba(0%2C0%2C0%2C.35)&#8220;]<div class=\"dfd-heading-shortcode\"><div class=\"dfd-heading-module-wrap  text-left style_04 dfd-heading-69d839bab9a65 dfd-disable-resposive-headings\" id=\"dfd-heading-69d839bab9a65\" ><div class=\"inline-block\"><div class=\"dfd-heading-module\"><div class=\"dfd-heading-delimiter\"><\/div><div class=\"widget-title dfd-title block-title\" style=\"font-family:Poppins; font-weight:600; font-style:normal; font-size: 17px; color: #18407e !important; line-height: 23px; letter-spacing: 0px; \">MATERIALE<\/div><\/div><\/div><\/div><script type=\"text\/javascript\">\r\n\t\t\t\t\t\t\t\t\t(function($) {\r\n\t\t\t\t\t\t\t\t\t\t$(\"head\").append(\"<style>.dfd-heading-69d839bab9a65.dfd-heading-module-wrap .dfd-heading-module .dfd-heading-delimiter {border-bottom-style:solid;border-bottom-width:2px;width:800px;border-bottom-color:#18407e;}.dfd-heading-69d839bab9a65 .dfd-heading-module .widget-title {margin-top:15px;margin-bottom:5px;}.dfd-heading-69d839bab9a65.dfd-heading-module-wrap .dfd-heading-module .dfd-heading-delimiter {margin-top:0px;margin-right:0px;margin-bottom:0px;margin-left:0px;}<\/style>\");\r\n\t\t\t\t\t\t\t\t\t})(jQuery);\r\n\t\t\t\t\t\t\t\t<\/script><\/div>[vc_column_text css=&#8220;.vc_custom_1694550170238{border-bottom-width: 1px !important;padding-bottom: 20px !important;border-bottom-color: #18407e !important;border-bottom-style: dotted !important;}&#8220;][\/vc_column_text]<div class=\"dfd-heading-shortcode\"><div class=\"dfd-heading-module-wrap  text-left style_01 dfd-heading-69d839bab9f20 dfd-disable-resposive-headings\" id=\"dfd-heading-69d839bab9f20\" ><div class=\"inline-block\"><div class=\"dfd-heading-module\"><div class=\"widget-title dfd-title block-title\" style=\"font-family:Poppins; font-weight:600; font-style:normal; font-size: 17px; color: #18407e !important; line-height: 23px; letter-spacing: 0px; \">FORMAZIONE<\/div><\/div><\/div><\/div><script type=\"text\/javascript\">\r\n\t\t\t\t\t\t\t\t\t(function($) {\r\n\t\t\t\t\t\t\t\t\t\t$(\"head\").append(\"<style>.dfd-heading-69d839bab9f20 .dfd-heading-module .widget-title {margin-top:25px;margin-bottom:5px;}.dfd-heading-69d839bab9f20.dfd-heading-module-wrap .dfd-heading-module .dfd-heading-delimiter {margin-top:10px;margin-bottom:10px;}<\/style>\");\r\n\t\t\t\t\t\t\t\t\t})(jQuery);\r\n\t\t\t\t\t\t\t\t<\/script><\/div>[vc_column_text css=&#8220;.vc_custom_1694550192621{border-bottom-width: 1px !important;padding-bottom: 20px !important;border-bottom-color: #18407e !important;border-bottom-style: dotted !important;}&#8220;]Per poter utilizzare questa spazzola, non \u00e8 necessario un corso di formazione specifico. Tuttavia, al fine di garantire l\u2019efficacia massima del prodotto e di riflesso ottimi risultati ti invitiamo a voler visionare il video tutorial.[\/vc_column_text][\/vc_column][vc_column width=&#8220;1\/3&#8243; dfd_column_responsive_enable=&#8220;dfd-column-responsive-enable&#8220; css=&#8220;.vc_custom_1687789024515{padding-right: 15px !important;padding-left: 15px !important;}&#8220; col_shadow=&#8220;box_shadow_enable:disable|shadow_horizontal:0|shadow_vertical:15|shadow_blur:50|shadow_spread:0|box_shadow_color:rgba(0%2C0%2C0%2C.35)&#8220; col_shadow_hover=&#8220;box_shadow_enable:disable|shadow_horizontal:0|shadow_vertical:15|shadow_blur:50|shadow_spread:0|box_shadow_color:rgba(0%2C0%2C0%2C.35)&#8220; responsive_styles=&#8220;padding_top_mobile:60&#8243;]<div class=\"dfd-heading-shortcode\"><div class=\"dfd-heading-module-wrap  text-left style_04 dfd-heading-69d839baba14a dfd-disable-resposive-headings\" id=\"dfd-heading-69d839baba14a\" ><div class=\"inline-block\"><div class=\"dfd-heading-module\"><div class=\"dfd-heading-delimiter\"><\/div><div class=\"widget-title dfd-title block-title\" style=\"font-family:Poppins; font-weight:600; font-style:normal; font-size: 17px; color: #18407e !important; line-height: 23px; letter-spacing: 0px; \">SPECIFICHE<\/div><\/div><\/div><\/div><script type=\"text\/javascript\">\r\n\t\t\t\t\t\t\t\t\t(function($) {\r\n\t\t\t\t\t\t\t\t\t\t$(\"head\").append(\"<style>.dfd-heading-69d839baba14a.dfd-heading-module-wrap .dfd-heading-module .dfd-heading-delimiter {border-bottom-style:solid;border-bottom-width:2px;width:800px;border-bottom-color:#18407e;}.dfd-heading-69d839baba14a .dfd-heading-module .widget-title {margin-top:15px;margin-bottom:5px;}.dfd-heading-69d839baba14a.dfd-heading-module-wrap .dfd-heading-module .dfd-heading-delimiter {margin-top:0px;margin-right:0px;margin-bottom:0px;margin-left:0px;}<\/style>\");\r\n\t\t\t\t\t\t\t\t\t})(jQuery);\r\n\t\t\t\t\t\t\t\t<\/script><\/div><div id=\"dfd-progress-69d839baba34c-2118\" class=\"dfd-progressbar layout-4 text-top \" ><div class=\"title-wrap\"><div class=\"progressbar-title\" style=\"font-family:Poppins; font-weight:400; font-style:normal; font-size: 17px; color: #000000 !important; letter-spacing: 0px; \">Ecologia<\/div><div class=\"progressbar-number\" style=\"\">100<span>%<\/span><\/div><\/div>\r\n\t\t\t<div class=\"progress-bar-line\" style=\"background:#e8f4fa; height:12px; color: #ffffff; \"><span class=\"vertical-line\"><\/span><span class=\"vertical-line\"><\/span><span class=\"vertical-line\"><\/span><span class=\"vertical-line\"><\/span><span class=\"vertical-line\"><\/span><span class=\"vertical-line\"><\/span><span class=\"vertical-line\"><\/span><span class=\"vertical-line\"><\/span><span class=\"vertical-line\"><\/span><span class=\"vertical-line\"><\/span><div style=\"background: linear-gradient(to right, #18407e 0%,#18407e 100%); \" class=\"meter\"  data-percentage-value=\"100\"><\/div><\/div><\/div><script type=\"text\/javascript\">\r\n\t\t\t\t\t(function($) {\r\n\t\t\t\t\t\t$(\"head\").append(\"<style>#dfd-progress-69d839baba34c-2118.dfd-progressbar.layout-2 .progress-bar-line:before, #dfd-progress-69d839baba34c-2118.dfd-progressbar.layout-3 .progress-bar-line:before { }<\/style>\");\r\n\t\t\t\t\t})(jQuery);\r\n\t\t\t\t<\/script><div id=\"dfd-progress-69d839baba4c4-7409\" class=\"dfd-progressbar layout-4 text-top \" ><div class=\"title-wrap\"><div class=\"progressbar-title\" style=\"font-family:Poppins; font-weight:400; font-style:normal; font-size: 17px; color: #000000 !important; letter-spacing: 0px; \">Facilit\u00e0 d&#039;utilizzo<\/div><div class=\"progressbar-number\" style=\"\">100<span>%<\/span><\/div><\/div>\r\n\t\t\t<div class=\"progress-bar-line\" style=\"background:#e8f4fa; height:12px; color: #ffffff; \"><span class=\"vertical-line\"><\/span><span class=\"vertical-line\"><\/span><span class=\"vertical-line\"><\/span><span class=\"vertical-line\"><\/span><span class=\"vertical-line\"><\/span><span class=\"vertical-line\"><\/span><span class=\"vertical-line\"><\/span><span class=\"vertical-line\"><\/span><span class=\"vertical-line\"><\/span><span class=\"vertical-line\"><\/span><div style=\"background: linear-gradient(to right, #18407e 0%,#18407e 100%); \" class=\"meter\"  data-percentage-value=\"100\"><\/div><\/div><\/div><script type=\"text\/javascript\">\r\n\t\t\t\t\t(function($) {\r\n\t\t\t\t\t\t$(\"head\").append(\"<style>#dfd-progress-69d839baba4c4-7409.dfd-progressbar.layout-2 .progress-bar-line:before, #dfd-progress-69d839baba4c4-7409.dfd-progressbar.layout-3 .progress-bar-line:before { }<\/style>\");\r\n\t\t\t\t\t})(jQuery);\r\n\t\t\t\t<\/script><div id=\"dfd-progress-69d839baba637-1724\" class=\"dfd-progressbar layout-4 text-top \" ><div class=\"title-wrap\"><div class=\"progressbar-title\" style=\"font-family:Poppins; font-weight:400; font-style:normal; font-size: 17px; color: #000000 !important; letter-spacing: 0px; \">Ergonomicit\u00e0<\/div><div class=\"progressbar-number\" style=\"\">100<span>%<\/span><\/div><\/div>\r\n\t\t\t<div class=\"progress-bar-line\" style=\"background:#e8f4fa; height:12px; color: #ffffff; \"><span class=\"vertical-line\"><\/span><span class=\"vertical-line\"><\/span><span class=\"vertical-line\"><\/span><span class=\"vertical-line\"><\/span><span class=\"vertical-line\"><\/span><span class=\"vertical-line\"><\/span><span class=\"vertical-line\"><\/span><span class=\"vertical-line\"><\/span><span class=\"vertical-line\"><\/span><span class=\"vertical-line\"><\/span><div style=\"background: linear-gradient(to right, #18407e 0%,#18407e 100%); \" class=\"meter\"  data-percentage-value=\"100\"><\/div><\/div><\/div><script type=\"text\/javascript\">\r\n\t\t\t\t\t(function($) {\r\n\t\t\t\t\t\t$(\"head\").append(\"<style>#dfd-progress-69d839baba637-1724.dfd-progressbar.layout-2 .progress-bar-line:before, #dfd-progress-69d839baba637-1724.dfd-progressbar.layout-3 .progress-bar-line:before { }<\/style>\");\r\n\t\t\t\t\t})(jQuery);\r\n\t\t\t\t<\/script><div id=\"dfd-progress-69d839baba777-4354\" class=\"dfd-progressbar layout-4 text-top \" ><div class=\"title-wrap\"><div class=\"progressbar-title\" style=\"font-family:Poppins; font-weight:400; font-style:normal; font-size: 17px; color: #000000 !important; letter-spacing: 0px; \">Durabilit\u00e0<\/div><div class=\"progressbar-number\" style=\"\">80<span>%<\/span><\/div><\/div>\r\n\t\t\t<div class=\"progress-bar-line\" style=\"background:#e8f4fa; height:12px; color: #ffffff; \"><span class=\"vertical-line\"><\/span><span class=\"vertical-line\"><\/span><span class=\"vertical-line\"><\/span><span class=\"vertical-line\"><\/span><span class=\"vertical-line\"><\/span><span class=\"vertical-line\"><\/span><span class=\"vertical-line\"><\/span><span class=\"vertical-line\"><\/span><span class=\"vertical-line\"><\/span><span class=\"vertical-line\"><\/span><div style=\"background: linear-gradient(to right, #18407e 0%,#18407e 100%); \" class=\"meter\"  data-percentage-value=\"80\"><\/div><\/div><\/div><script type=\"text\/javascript\">\r\n\t\t\t\t\t(function($) {\r\n\t\t\t\t\t\t$(\"head\").append(\"<style>#dfd-progress-69d839baba777-4354.dfd-progressbar.layout-2 .progress-bar-line:before, #dfd-progress-69d839baba777-4354.dfd-progressbar.layout-3 .progress-bar-line:before { }<\/style>\");\r\n\t\t\t\t\t})(jQuery);\r\n\t\t\t\t<\/script>[\/vc_column][vc_column width=&#8220;1\/3&#8243; dfd_column_responsive_enable=&#8220;dfd-column-responsive-enable&#8220; css=&#8220;.vc_custom_1687789030377{padding-right: 15px !important;padding-left: 15px !important;}&#8220; col_shadow=&#8220;box_shadow_enable:disable|shadow_horizontal:0|shadow_vertical:15|shadow_blur:50|shadow_spread:0|box_shadow_color:rgba(0%2C0%2C0%2C.35)&#8220; col_shadow_hover=&#8220;box_shadow_enable:disable|shadow_horizontal:0|shadow_vertical:15|shadow_blur:50|shadow_spread:0|box_shadow_color:rgba(0%2C0%2C0%2C.35)&#8220; responsive_styles=&#8220;padding_top_mobile:60&#8243;]<div class=\"dfd-heading-shortcode\"><div class=\"dfd-heading-module-wrap  text-left style_04 dfd-heading-69d839baba8e0 dfd-disable-resposive-headings\" id=\"dfd-heading-69d839baba8e0\" ><div class=\"inline-block\"><div class=\"dfd-heading-module\"><div class=\"dfd-heading-delimiter\"><\/div><div class=\"widget-title dfd-title block-title\" style=\"font-family:Poppins; font-weight:600; font-style:normal; font-size: 17px; color: #18407e !important; line-height: 23px; letter-spacing: 0px; \">APPLICAZIONE<\/div><\/div><\/div><\/div><script type=\"text\/javascript\">\r\n\t\t\t\t\t\t\t\t\t(function($) {\r\n\t\t\t\t\t\t\t\t\t\t$(\"head\").append(\"<style>.dfd-heading-69d839baba8e0.dfd-heading-module-wrap .dfd-heading-module .dfd-heading-delimiter {border-bottom-style:solid;border-bottom-width:2px;width:800px;border-bottom-color:#18407e;}.dfd-heading-69d839baba8e0 .dfd-heading-module .widget-title {margin-top:15px;margin-bottom:15px;}.dfd-heading-69d839baba8e0.dfd-heading-module-wrap .dfd-heading-module .dfd-heading-delimiter {margin-top:0px;margin-right:0px;margin-bottom:0px;margin-left:0px;}<\/style>\");\r\n\t\t\t\t\t\t\t\t\t})(jQuery);\r\n\t\t\t\t\t\t\t\t<\/script><\/div><div class=\"dfd-info-banner style-01  delimiter-hidden  text-left\" ><div class=\"image-cover \"><img loading=\"lazy\" decoding=\"async\" src=\"https:\/\/iglmarinesolutions.ch\/wp-content\/uploads\/2023\/08\/igl_marine_solutions_prep_applicazione.svg\" alt=\"Bild\"  width=\"800\" height=\"350\" class=\"info-banner-image \" \/><\/div><\/div>[\/vc_column][\/vc_row][vc_row css=&#8220;.vc_custom_1687876355103{padding-top: 60px !important;}&#8220;][vc_column css=&#8220;.vc_custom_1687876335224{padding-right: 15px !important;padding-left: 15px !important;}&#8220; col_shadow=&#8220;box_shadow_enable:disable|shadow_horizontal:0|shadow_vertical:15|shadow_blur:50|shadow_spread:0|box_shadow_color:rgba(0%2C0%2C0%2C.35)&#8220; col_shadow_hover=&#8220;box_shadow_enable:disable|shadow_horizontal:0|shadow_vertical:15|shadow_blur:50|shadow_spread:0|box_shadow_color:rgba(0%2C0%2C0%2C.35)&#8220;]<div class=\"dfd-heading-shortcode\"><div class=\"dfd-heading-module-wrap  text-left style_04 dfd-heading-69d839babb2a1 dfd-disable-resposive-headings\" id=\"dfd-heading-69d839babb2a1\" ><div class=\"inline-block\"><div class=\"dfd-heading-module\"><div class=\"dfd-heading-delimiter\"><\/div><div class=\"widget-title dfd-title block-title\" style=\"font-family:Poppins; font-weight:600; font-style:normal; font-size: 17px; color: #18407e !important; line-height: 23px; letter-spacing: 0px; \">BENEFICI<\/div><\/div><\/div><\/div><script type=\"text\/javascript\">\r\n\t\t\t\t\t\t\t\t\t(function($) {\r\n\t\t\t\t\t\t\t\t\t\t$(\"head\").append(\"<style>.dfd-heading-69d839babb2a1.dfd-heading-module-wrap .dfd-heading-module .dfd-heading-delimiter {border-bottom-style:solid;border-bottom-width:2px;width:1200px;border-bottom-color:#18407e;}.dfd-heading-69d839babb2a1 .dfd-heading-module .widget-title {margin-top:15px;margin-bottom:10px;}.dfd-heading-69d839babb2a1.dfd-heading-module-wrap .dfd-heading-module .dfd-heading-delimiter {margin-top:0px;margin-right:0px;margin-bottom:0px;margin-left:0px;}<\/style>\");\r\n\t\t\t\t\t\t\t\t\t})(jQuery);\r\n\t\t\t\t\t\t\t\t<\/script><\/div>[dfd_masonry_container layout_style=&#8220;fitRows&#8220; columns_number_wide=&#8220;6&#8243; columns_number_normal=&#8220;6&#8243; columns_number_small=&#8220;3&#8243; columns_number_mobile=&#8220;2&#8243; title_font_options=&#8220;tag:h5&#8243;][dfd_masonry_item]<div class=\"dfd-info-banner style-01 iconeprodotti delimiter-hidden  text-center\" ><div class=\"image-cover \"><img loading=\"lazy\" decoding=\"async\" src=\"https:\/\/iglmarinesolutions.ch\/wp-content\/uploads\/2023\/08\/IGL_marine_solutions_benefici9.svg\" alt=\"Bild\"  width=\"90\" height=\"350\" class=\"info-banner-image \" \/><\/div><div class=\"info-box-title feature-title\" style=\"font-family:Poppins; font-weight:400; font-style:normal; font-size: 14px; color: #18407e !important; line-height: 18px; letter-spacing: 0px; \">EASY TO USE<\/div><\/div>[\/dfd_masonry_item][dfd_masonry_item]<div class=\"dfd-info-banner style-01 iconeprodotti delimiter-hidden  text-center\" ><div class=\"image-cover \"><img loading=\"lazy\" decoding=\"async\" src=\"https:\/\/iglmarinesolutions.ch\/wp-content\/uploads\/2023\/08\/IGL_marine_solutions_benefici26.svg\" alt=\"Bild\"  width=\"90\" height=\"350\" class=\"info-banner-image \" \/><\/div><div class=\"info-box-title feature-title\" style=\"font-family:Poppins; font-weight:400; font-style:normal; font-size: 14px; color: #18407e !important; line-height: 18px; letter-spacing: 0px; \">READY TO USE<\/div><\/div>[\/dfd_masonry_item][dfd_masonry_item]<div class=\"dfd-info-banner style-01 iconeprodotti delimiter-hidden  text-center\" ><div class=\"image-cover \"><img loading=\"lazy\" decoding=\"async\" src=\"https:\/\/iglmarinesolutions.ch\/wp-content\/uploads\/2023\/08\/IGL_marine_solutions_benefici3.svg\" alt=\"Bild\"  width=\"90\" height=\"350\" class=\"info-banner-image \" \/><\/div><div class=\"info-box-title feature-title\" style=\"font-family:Poppins; font-weight:400; font-style:normal; font-size: 14px; color: #18407e !important; line-height: 18px; letter-spacing: 0px; \">MULTI SURFACE<\/div><\/div>[\/dfd_masonry_item][\/dfd_masonry_container][\/vc_column][\/vc_row][vc_row][vc_column]<div class=\"dfd-spacer-module\"  data-units=\"px\" data-wide_resolution=\"1280\" data-wide_size=\"100\" data-normal_resolution=\"1024\" data-normal_size=\"100\" data-tablet_resolution=\"800\" data-tablet_size=\"100\" data-mobile_resolution=\"480\" data-mobile_size=\"100\" style=\"height: 100px;\"><\/div>[\/vc_column][\/vc_row]<\/p>\n<\/section>","protected":false},"excerpt":{"rendered":"<p>SONAX SPAZZOLA PER TESSUTI E PELLE: La Tua Soluzione per la pulizia efficace e delicata. Hai bisogno di una pulizia impeccabile, ma delicata, per i tuoi tessuti e le tue superfici in pelle, simil-pelle e sintetiche? Allora la nostra spazzola ergonomica per la pulizia \u00e8 proprio quello che ti serve. Questa spazzola \u00e8 progettata per la pulizia a secco e umida dei tessuti, nonch\u00e9 per una pulizia completa e delicata delle superfici.<\/p>\n<p>La sua forma ergonomica ti permette di maneggiarla comodamente, garantendoti una pulizia efficace senza sforzo. \u00c8 l&#8217;alleato perfetto da abbinare ai nostri prodotti specifici per la cura e la pulizia della cuscineria interna.<\/p>\n<p>Scegli la nostra spazzola ergonomica per la pulizia e rendi la tua routine di pulizia pi\u00f9 efficace e delicata.<\/p>\n","protected":false},"featured_media":30217,"template":"","meta":{"inline_featured_image":false,"_monsterinsights_skip_tracking":false,"_monsterinsights_sitenote_active":false,"_monsterinsights_sitenote_note":"","_monsterinsights_sitenote_category":0},"product_cat":[34],"product_tag":[],"class_list":{"0":"post-30201","1":"product","2":"type-product","3":"status-publish","4":"has-post-thumbnail","6":"product_cat-accessori","8":"first","9":"instock","10":"shipping-taxable","11":"purchasable","12":"product-type-variable"},"aioseo_notices":[],"_links":{"self":[{"href":"https:\/\/iglmarinesolutions.ch\/de\/wp-json\/wp\/v2\/product\/30201","targetHints":{"allow":["GET"]}}],"collection":[{"href":"https:\/\/iglmarinesolutions.ch\/de\/wp-json\/wp\/v2\/product"}],"about":[{"href":"https:\/\/iglmarinesolutions.ch\/de\/wp-json\/wp\/v2\/types\/product"}],"wp:featuredmedia":[{"embeddable":true,"href":"https:\/\/iglmarinesolutions.ch\/de\/wp-json\/wp\/v2\/media\/30217"}],"wp:attachment":[{"href":"https:\/\/iglmarinesolutions.ch\/de\/wp-json\/wp\/v2\/media?parent=30201"}],"wp:term":[{"taxonomy":"product_cat","embeddable":true,"href":"https:\/\/iglmarinesolutions.ch\/de\/wp-json\/wp\/v2\/product_cat?post=30201"},{"taxonomy":"product_tag","embeddable":true,"href":"https:\/\/iglmarinesolutions.ch\/de\/wp-json\/wp\/v2\/product_tag?post=30201"}],"curies":[{"name":"wp","href":"https:\/\/api.w.org\/{rel}","templated":true}]}}